{"id":9,"date":"2014-02-11T10:46:16","date_gmt":"2014-02-11T10:46:16","guid":{"rendered":"http:\/\/www.ledmedia.rs\/?page_id=9"},"modified":"2017-02-08T18:29:51","modified_gmt":"2017-02-08T18:29:51","slug":"usluge","status":"publish","type":"page","link":"https:\/\/www.ledmedia.rs\/index.php\/usluge\/","title":{"rendered":"Usluge"},"content":{"rendered":"<p>Kori\u0161\u0107enje LED displey &#8222;ogla\u0161avanja u pokretu&#8220; ozna\u010dava potpuno novu fazu razvoja u oblasti OOH (spoljnog) i digitalnog ogla\u0161avanja u Srbiji. LED ekran na vozilu prestavlja nov integrisan medij, koji klijentima pru\u017ea mogu\u0107nost plasiranja velikog broja informacija o proizvodima i uslugama krajnjim korisnicima, neposredno pred kupovinu. Istra\u017eivanja pokazuju da su &#8222;pokretne reklamne poruke&#8220; osam puta privla\u010dnije ljudskom oku, od stati\u010dnih oglasa. Vozilo LEDmedie poseduje audio sistem koji kvalitetno prenosi i zvu\u010dni deo (oglasne) poruke, i na taj na\u010din doprinosi punom efektu.<\/p>\n<p><strong>JEDINSTVENOST<\/strong><\/p>\n<p><strong><\/strong> Ova nova vrsta spoljnog ogla\u0161avanja jedinstvena je na na\u0161em tr\u017ei\u0161tu. Vozilo sa LED ekranom inspiri\u0161e i nadahnjuje potro\u0161a\u010de svojim inovativnim i interaktivnim pristupom, i definitivno \u0107e privu\u0107i pogled svakoga ko se na\u0111e u blizini. Multimedijalne &#8222;reklame u pokretu&#8220; veoma efektno privla\u010de pa\u017enju potro\u0161a\u010da, deluju\u0107i tako da oni samo jednim treptajem oka primaju jasnu poruku, ostavljaju\u0107i trajno (svesno i podsvesno) se\u0107anje na nju.<\/p>\n<p><strong>FLEKSIBILNOST<br \/>\n<\/strong><\/p>\n<p>Budu\u0107i da se novi promotivni spotovi mogu brzo i lako smenjivati \u010dak i dok je vozilo u pokretu, LEDmedia vam omogu\u0107ava vi\u0161estruko ogla\u0161avanje jednog klijenta na istom mediju.<\/p>\n<p><strong>FOKUS<\/strong><\/p>\n<p>Kompanija ili brend koji se ogla\u0161avaju na vozilu sa LED ekranom definitivno ne\u0107e imati konkurenciju u trenutku kada se njihova reklama emituje. Ovo je prilika da kompanija po\u0161alje jasnu i direktnu poruku ciljnoj grupi, a da im u tom trenutku pa\u017enja bude usmerena samo na njih i njihovu uslugu ili proizvod.<\/p>\n<p><strong>SPECIJALNI EFEKTI<br \/>\n<\/strong><\/p>\n<p>Na\u0161i grafi\u010dki dizajneri mogu dodavati posebne specijalne efekte va\u0161oj &#8222;reklami u pokretu&#8220; kako bi ona bila \u0161to atraktivnija i privla\u010dnija. Istra\u017eivanja pokazuju da 3D dizajn pra\u0107en audio efektima definitivno prodaje.<\/p>\n<p><strong>CENA<\/strong><\/p>\n<p>&#8222;Ogla\u0161avanje u pokretu&#8220; veoma je povoljno s obzirom na to da na dnevnom nivou va\u0161u reklamu vidi vi\u0161e desetina hiljada ljudi. Ovaj na\u010din ogla\u0161avanja u startu je jeftiniji od TV i radio ogla\u0161avanja, ali i stati\u010dnih bilborda. Za minimalan iznos ulo\u017eenih sredstava, va\u0161a oglasna poruka bez sumnje dolazi do unapred definisane ciljne grupe, na jedinstven i mnogo efektniji na\u010din. <strong>Zatra\u017eite na\u0161u ponudu!<\/strong><\/p>\n<p>Kompanija LEDmedia fokusirana je na rezultat i klijentima nudimo realne i lako dokazive efekte na\u0161eg rada. To konkretno zna\u010di da se na\u0161 rad pretvara u broj osoba koje su zainteresovane za va\u0161 proizvod ili uslugu, ali i rast profita kroz pove\u0107anje prodaje proizvoda ili usluga.<\/p>\n","protected":false},"excerpt":{"rendered":"<p>Kori\u0161\u0107enje LED displey &#8222;ogla\u0161avanja u pokretu&#8220; ozna\u010dava potpuno novu fazu razvoja u oblasti OOH (spoljnog) i digitalnog ogla\u0161avanja u Srbiji. LED ekran na vozilu prestavlja nov integrisan medij, koji klijentima pru\u017ea mogu\u0107nost plasiranja velikog broja informacija o proizvodima i uslugama&#8230;<\/p>\n<p><a class=\"button\" href=\"https:\/\/www.ledmedia.rs\/index.php\/usluge\/\"> \u010citaj dalje<\/a><\/p>\n","protected":false},"author":1,"featured_media":107,"parent":0,"menu_order":0,"comment_status":"closed","ping_status":"closed","template":"","meta":[],"_links":{"self":[{"href":"https:\/\/www.ledmedia.rs\/index.php\/wp-json\/wp\/v2\/pages\/9"}],"collection":[{"href":"https:\/\/www.ledmedia.rs\/index.php\/wp-json\/wp\/v2\/pages"}],"about":[{"href":"https:\/\/www.ledmedia.rs\/index.php\/wp-json\/wp\/v2\/types\/page"}],"author":[{"embeddable":true,"href":"https:\/\/www.ledmedia.rs\/index.php\/wp-json\/wp\/v2\/users\/1"}],"replies":[{"embeddable":true,"href":"https:\/\/www.ledmedia.rs\/index.php\/wp-json\/wp\/v2\/comments?post=9"}],"version-history":[{"count":8,"href":"https:\/\/www.ledmedia.rs\/index.php\/wp-json\/wp\/v2\/pages\/9\/revisions"}],"predecessor-version":[{"id":85,"href":"https:\/\/www.ledmedia.rs\/index.php\/wp-json\/wp\/v2\/pages\/9\/revisions\/85"}],"wp:featuredmedia":[{"embeddable":true,"href":"https:\/\/www.ledmedia.rs\/index.php\/wp-json\/wp\/v2\/media\/107"}],"wp:attachment":[{"href":"https:\/\/www.ledmedia.rs\/index.php\/wp-json\/wp\/v2\/media?parent=9"}],"curies":[{"name":"wp","href":"https:\/\/api.w.org\/{rel}","templated":true}]}}