{"id":7,"date":"2014-02-11T10:46:06","date_gmt":"2014-02-11T10:46:06","guid":{"rendered":"http:\/\/www.ledmedia.rs\/?page_id=7"},"modified":"2017-02-08T18:29:38","modified_gmt":"2017-02-08T18:29:38","slug":"o-nama","status":"publish","type":"page","link":"https:\/\/www.ledmedia.rs\/index.php\/o-nama\/","title":{"rendered":"O nama"},"content":{"rendered":"<p>Kompanija LEDmedia svojim klijentima nudi visok nivo usluge &#8222;ogla\u0161avanja u pokretu&#8220; kroz jedinstven spoj ideje i tehnologije. Cilj nam je da klijentima iz profitnog i neprofitnog sektora omogu\u0107imo da unaprede svoju komunikaciju i prodaju kroz primenu LED digitalnog ogla\u0161avanja, i time pomognemo u ostvarivanju njihovih poslovnih ciljeva.<\/p>\n<p>Znamo koliki je danas izazov, u velikom broju razli\u010ditih ponuda i informacija, biti jedinstven, prime\u0107en, a pre svega \u010dvrsto se pozicionirati na tr\u017ei\u0161tu. Kako digitalni svet iz dana u dan raste, otkrivaju\u0107i nam nove prostore, prilago\u0111avamo se promenama i zahtevima vremena, a sve u cilju podizanja kvaliteta usluge i zadovoljstva na\u0161ih klijenata.<\/p>\n<p>Pa\u017eljivo birana, kvalitetna LED displey oprema i iskusan tim \u010dini kompaniju LEDmedia prepoznatljivom, a pre svega pouzdanim i sigurnim partnerom.<\/p>\n<p><strong>Spajamo klijente i njihove brendove sa potro\u0161a\u010dima, ostvaju\u0107i rezultate koji su jasno merljivi.<\/strong><\/p>\n","protected":false},"excerpt":{"rendered":"<p>Kompanija LEDmedia svojim klijentima nudi visok nivo usluge &#8222;ogla\u0161avanja u pokretu&#8220; kroz jedinstven spoj ideje i tehnologije. Cilj nam je da klijentima iz profitnog i neprofitnog sektora omogu\u0107imo da unaprede svoju komunikaciju i prodaju kroz primenu LED digitalnog ogla\u0161avanja, i&#8230;<\/p>\n<p><a class=\"button\" href=\"https:\/\/www.ledmedia.rs\/index.php\/o-nama\/\"> \u010citaj dalje<\/a><\/p>\n","protected":false},"author":1,"featured_media":105,"parent":0,"menu_order":0,"comment_status":"closed","ping_status":"closed","template":"","meta":[],"_links":{"self":[{"href":"https:\/\/www.ledmedia.rs\/index.php\/wp-json\/wp\/v2\/pages\/7"}],"collection":[{"href":"https:\/\/www.ledmedia.rs\/index.php\/wp-json\/wp\/v2\/pages"}],"about":[{"href":"https:\/\/www.ledmedia.rs\/index.php\/wp-json\/wp\/v2\/types\/page"}],"author":[{"embeddable":true,"href":"https:\/\/www.ledmedia.rs\/index.php\/wp-json\/wp\/v2\/users\/1"}],"replies":[{"embeddable":true,"href":"https:\/\/www.ledmedia.rs\/index.php\/wp-json\/wp\/v2\/comments?post=7"}],"version-history":[{"count":3,"href":"https:\/\/www.ledmedia.rs\/index.php\/wp-json\/wp\/v2\/pages\/7\/revisions"}],"predecessor-version":[{"id":83,"href":"https:\/\/www.ledmedia.rs\/index.php\/wp-json\/wp\/v2\/pages\/7\/revisions\/83"}],"wp:featuredmedia":[{"embeddable":true,"href":"https:\/\/www.ledmedia.rs\/index.php\/wp-json\/wp\/v2\/media\/105"}],"wp:attachment":[{"href":"https:\/\/www.ledmedia.rs\/index.php\/wp-json\/wp\/v2\/media?parent=7"}],"curies":[{"name":"wp","href":"https:\/\/api.w.org\/{rel}","templated":true}]}}